{"id":42,"date":"2023-05-20T17:35:30","date_gmt":"2023-05-20T17:35:30","guid":{"rendered":"https:\/\/gutachter-elektroschaden.de\/?page_id=42"},"modified":"2023-05-21T08:16:52","modified_gmt":"2023-05-21T08:16:52","slug":"ueber-mich","status":"publish","type":"page","link":"https:\/\/gutachter-elektroschaden.de\/?page_id=42","title":{"rendered":"\u00dcber mich"},"content":{"rendered":"\n<p><\/p>\n\n\n\n<h2 class=\"wp-block-heading\">Profil <\/h2>\n\n\n\n<p><\/p>\n\n\n\n<p><strong>Als zertifizierter Sachverst\u00e4ndiger f\u00fcr das Elektrotechnikerhandwerk, Teilgebiet Energie- und Geb\u00e4udetechnik &#8211; Sch\u00e4den an Elektroanlagen, bin ich f\u00fcr Industrie, Gewerbe und Verwaltung t\u00e4tig.<\/strong><\/p>\n\n\n\n<p><strong>Bei gerichtlichen und au\u00dfergerichtlichen Streitf\u00e4llen bin ich als Gutachter t\u00e4tig und erstelle Gutachten f\u00fcr Privatpersonen, Beh\u00f6rden und Gerichte.<\/strong><\/p>\n\n\n\n<p><\/p>\n\n\n\n<p>In Erlangen geboren, absolvierte ich nach der Ausbildung zum Elektroniker f\u00fcr Energie und Geb\u00e4udetechnik. <\/p>\n\n\n\n<p>Nach weitern Gesellenjahren habe ich die Meisterpr\u00fcfung im Elektrotechniker Handwerk abgeschlossen. <\/p>\n\n\n\n<p>Anschlie\u00dfende absolvierte ich den Betriebswirt (HWK) an der Handwerkskammer Mittelfranken. <\/p>\n\n\n\n<p>Im meiner Laufbahn als Elektrotechniker-Meister bildetet ich mich stetig weiter. Unter anderem im Bereich 20kV Mittelspanungsschaltberechtigung, Elektrotechnik in explosionsgef\u00e4hrdeten Bereichen, verantwortliche Elektrofachkraft und weiteres&#8230;. <\/p>\n\n\n\n<p>Erfolgreich legte ich die Pr\u00fcfung zum zertifizierten Sachverst\u00e4ndigen f\u00fcr Sch\u00e4den an Elektroanlagen ab. Zudem eine Pr\u00fcfung Zertifizierung als Sachverst\u00e4ndiger f\u00fcr Versicherungssch\u00e4den an und in Elektroanlagen. <\/p>\n\n\n\n<p>\u00dcber die Handwerkskammer konnte ich meinen Bereich erweitern in dem ich erfolgreich eine Pr\u00fcfung f\u00fcr die Zulassung zur Planung, Bau, Wartung und Instandsetzung von Trink-, und Abwasseranlagen ablegte.<\/p>\n\n\n\n<p>Um auch \u00fcber den Tellerrand hinaus gucken zu k\u00f6nnen und die Kenntnis im Bereich Geb\u00e4udetechnik abzurunden, absolvierte ich eine Ausbildung zum Energieberater HWK &#8211; hierbei insbesondere PV-Anlagen.<\/p>\n\n\n\n<p><\/p>\n","protected":false},"excerpt":{"rendered":"<p>Profil Als zertifizierter Sachverst\u00e4ndiger f\u00fcr das Elektrotechnikerhandwerk, Teilgebiet Energie- und Geb\u00e4udetechnik &#8211; Sch\u00e4den an Elektroanlagen, bin ich f\u00fcr Industrie, Gewerbe und Verwaltung t\u00e4tig. Bei gerichtlichen und au\u00dfergerichtlichen Streitf\u00e4llen bin ich als Gutachter t\u00e4tig und erstelle Gutachten f\u00fcr Privatpersonen, Beh\u00f6rden und Gerichte. In Erlangen geboren, absolvierte ich nach der Ausbildung zum [&hellip;]<\/p>\n","protected":false},"author":1,"featured_media":88,"parent":0,"menu_order":1,"comment_status":"closed","ping_status":"closed","template":"","meta":[],"_links":{"self":[{"href":"https:\/\/gutachter-elektroschaden.de\/index.php?rest_route=\/wp\/v2\/pages\/42"}],"collection":[{"href":"https:\/\/gutachter-elektroschaden.de\/index.php?rest_route=\/wp\/v2\/pages"}],"about":[{"href":"https:\/\/gutachter-elektroschaden.de\/index.php?rest_route=\/wp\/v2\/types\/page"}],"author":[{"embeddable":true,"href":"https:\/\/gutachter-elektroschaden.de\/index.php?rest_route=\/wp\/v2\/users\/1"}],"replies":[{"embeddable":true,"href":"https:\/\/gutachter-elektroschaden.de\/index.php?rest_route=%2Fwp%2Fv2%2Fcomments&post=42"}],"version-history":[{"count":6,"href":"https:\/\/gutachter-elektroschaden.de\/index.php?rest_route=\/wp\/v2\/pages\/42\/revisions"}],"predecessor-version":[{"id":107,"href":"https:\/\/gutachter-elektroschaden.de\/index.php?rest_route=\/wp\/v2\/pages\/42\/revisions\/107"}],"wp:featuredmedia":[{"embeddable":true,"href":"https:\/\/gutachter-elektroschaden.de\/index.php?rest_route=\/wp\/v2\/media\/88"}],"wp:attachment":[{"href":"https:\/\/gutachter-elektroschaden.de\/index.php?rest_route=%2Fwp%2Fv2%2Fmedia&parent=42"}],"curies":[{"name":"wp","href":"https:\/\/api.w.org\/{rel}","templated":true}]}}